  {"id":147,"date":"2021-10-03T20:53:57","date_gmt":"2021-10-03T20:53:57","guid":{"rendered":"https:\/\/clinicaintegradent.com\/web\/?page_id=147"},"modified":"2021-10-10T09:50:44","modified_gmt":"2021-10-10T15:50:44","slug":"recomendaciones","status":"publish","type":"page","link":"https:\/\/www.clinicaintegradent.com\/?page_id=147","title":{"rendered":"Recomendaciones"},"content":{"rendered":"<blockquote><p>ODONTOPEDIATRIA<\/p><\/blockquote>\n<p><img loading=\"lazy\" decoding=\"async\" src=\"https:\/\/www.clinicaintegradent.com\/wp-content\/uploads\/2021\/10\/web4-300x142.jpg\" alt=\"\" class=\"alignleft size-medium wp-image-231\" width=\"300\" height=\"142\" srcset=\"https:\/\/www.clinicaintegradent.com\/wp-content\/uploads\/2021\/10\/web4-300x142.jpg 300w, https:\/\/www.clinicaintegradent.com\/wp-content\/uploads\/2021\/10\/web4-768x363.jpg 768w, https:\/\/www.clinicaintegradent.com\/wp-content\/uploads\/2021\/10\/web4-228x108.jpg 228w, https:\/\/www.clinicaintegradent.com\/wp-content\/uploads\/2021\/10\/web4.jpg 1024w\" sizes=\"auto, (max-width: 300px) 100vw, 300px\" \/><\/p>\n<p style=\"text-align: justify;\">Qu\u00e9 hacer cuando vemos la mancha blanca en los dientes de leche.\u00a0 cepillar sus dientes en la ma\u00f1ana y en la noche, evitar el uso del biber\u00f3n, utilizar pasta dental con fluoruro, revisi\u00f3n dental cada tres meses para control y seguimiento.<\/p>\n<p>&nbsp;<\/p>\n<p>&nbsp;<\/p>\n<p>&nbsp;<\/p>\n<p><img loading=\"lazy\" decoding=\"async\" src=\"https:\/\/www.clinicaintegradent.com\/wp-content\/uploads\/2021\/10\/web5-300x278.jpg\" alt=\"\" class=\"size-medium wp-image-232 alignright\" width=\"300\" height=\"278\" srcset=\"https:\/\/www.clinicaintegradent.com\/wp-content\/uploads\/2021\/10\/web5-300x278.jpg 300w, https:\/\/www.clinicaintegradent.com\/wp-content\/uploads\/2021\/10\/web5-768x711.jpg 768w, https:\/\/www.clinicaintegradent.com\/wp-content\/uploads\/2021\/10\/web5-125x116.jpg 125w, https:\/\/www.clinicaintegradent.com\/wp-content\/uploads\/2021\/10\/web5.jpg 830w\" sizes=\"auto, (max-width: 300px) 100vw, 300px\" \/><\/p>\n<p>&nbsp;<\/p>\n<p>&nbsp;<\/p>\n<p style=\"text-align: justify;\">En una revisi\u00f3n de rutina y control podemos observar alteraciones en la mordida del ni\u00f1o o ni\u00f1a,\u00a0 \u00a0mejorar t\u00e9cnica de cepillado, revisar la erupci\u00f3n de dientes permanentes e iniciar con un tratamiento de ortopedia maxila por la mordida cruzada que presenta.<\/p>\n<p>&nbsp;<\/p>\n<p>&nbsp;<\/p>\n<p>&nbsp;<\/p>\n<p>&nbsp;<\/p>\n<p>&nbsp;<\/p>\n<p><img loading=\"lazy\" decoding=\"async\" src=\"https:\/\/www.clinicaintegradent.com\/wp-content\/uploads\/2021\/10\/web6-300x180.jpg\" alt=\"\" class=\"alignleft size-medium wp-image-233\" width=\"300\" height=\"180\" srcset=\"https:\/\/www.clinicaintegradent.com\/wp-content\/uploads\/2021\/10\/web6-300x180.jpg 300w, https:\/\/www.clinicaintegradent.com\/wp-content\/uploads\/2021\/10\/web6-768x461.jpg 768w, https:\/\/www.clinicaintegradent.com\/wp-content\/uploads\/2021\/10\/web6-193x116.jpg 193w, https:\/\/www.clinicaintegradent.com\/wp-content\/uploads\/2021\/10\/web6.jpg 1024w\" sizes=\"auto, (max-width: 300px) 100vw, 300px\" \/><\/p>\n<p>&nbsp;<\/p>\n<p style=\"text-align: justify;\">\u00bfEn qu\u00e9 momento empezamos con la caries? cuando se ingieren alimentos azucarados, biber\u00f3n con leche azucarada o con chocolate, yogurt. RECOMENDACIONES: Evitar los alimentos azucarados, cepillado dental con pasta dental con fluoruro, visita al odontopediatra para iniciar con un tratamiento preventivo.<\/p>\n<p>&nbsp;<\/p>\n<p>&nbsp;<\/p>\n<p>&nbsp;<\/p>\n<blockquote><p>\u00a0ORTODONCIA<\/p><\/blockquote>\n<p><img loading=\"lazy\" decoding=\"async\" src=\"https:\/\/www.clinicaintegradent.com\/wp-content\/uploads\/2021\/10\/web7-300x140.jpg\" alt=\"\" class=\"alignleft size-medium wp-image-234\" width=\"300\" height=\"140\" srcset=\"https:\/\/www.clinicaintegradent.com\/wp-content\/uploads\/2021\/10\/web7-300x140.jpg 300w, https:\/\/www.clinicaintegradent.com\/wp-content\/uploads\/2021\/10\/web7-768x359.jpg 768w, https:\/\/www.clinicaintegradent.com\/wp-content\/uploads\/2021\/10\/web7-228x106.jpg 228w, https:\/\/www.clinicaintegradent.com\/wp-content\/uploads\/2021\/10\/web7.jpg 1024w\" sizes=\"auto, (max-width: 300px) 100vw, 300px\" \/><\/p>\n<p>&nbsp;<\/p>\n<p style=\"text-align: justify;\">EN ORTODONCIA: Los Brackets de autoligado son necesarios para un tratamiento ortodoncia-cirug\u00eda ortogn\u00e1tica.<\/p>\n<p>&nbsp;<\/p>\n<p>&nbsp;<\/p>\n<p>&nbsp;<\/p>\n<p><img loading=\"lazy\" decoding=\"async\" src=\"https:\/\/www.clinicaintegradent.com\/wp-content\/uploads\/2021\/10\/web8-300x149.jpg\" alt=\"\" class=\"size-medium wp-image-235 alignright\" width=\"300\" height=\"149\" srcset=\"https:\/\/www.clinicaintegradent.com\/wp-content\/uploads\/2021\/10\/web8-300x149.jpg 300w, https:\/\/www.clinicaintegradent.com\/wp-content\/uploads\/2021\/10\/web8-768x383.jpg 768w, https:\/\/www.clinicaintegradent.com\/wp-content\/uploads\/2021\/10\/web8-228x114.jpg 228w, https:\/\/www.clinicaintegradent.com\/wp-content\/uploads\/2021\/10\/web8.jpg 1024w\" sizes=\"auto, (max-width: 300px) 100vw, 300px\" \/><\/p>\n<p>&nbsp;<\/p>\n<p>&nbsp;<\/p>\n<p style=\"text-align: justify;\">Brackets Ovation con arcos t\u00e9rmicos son necesarios para mejorar la funcionalidad en un paciente adulto.<\/p>\n<p>&nbsp;<\/p>\n<p>&nbsp;<\/p>\n<h2 id=\"mcetoc_1fhlb4qid0\"><\/h2>\n<h2 id=\"mcetoc_1fhlea3or0\"><\/h2>\n<h1 id=\"mcetoc_1fhlb4qie1\" style=\"text-align: center;\"><span style=\"font-size: 24px;\">La higiene dental y la t\u00e9cnica de cepillado es un h\u00e1bito que debemos reforzar en cada cita con los pacientes para evitar caries, inflamaci\u00f3n gingival.<\/span><\/h1>\n","protected":false},"excerpt":{"rendered":"<p>ODONTOPEDIATRIA Qu\u00e9 hacer cuando vemos la mancha blanca en los dientes de leche.\u00a0 cepillar sus dientes en la ma\u00f1ana y en la noche, evitar el uso del biber\u00f3n, utilizar pasta dental con fluoruro, revisi\u00f3n dental cada tres meses para control y seguimiento. &nbsp; &nbsp; &nbsp; &nbsp; &nbsp; En una revisi\u00f3n de rutina y control podemos [&hellip;]<\/p>\n","protected":false},"author":1,"featured_media":0,"parent":0,"menu_order":0,"comment_status":"closed","ping_status":"closed","template":"","meta":{"footnotes":""},"class_list":["post-147","page","type-page","status-publish","hentry"],"_links":{"self":[{"href":"https:\/\/www.clinicaintegradent.com\/index.php?rest_route=\/wp\/v2\/pages\/147","targetHints":{"allow":["GET"]}}],"collection":[{"href":"https:\/\/www.clinicaintegradent.com\/index.php?rest_route=\/wp\/v2\/pages"}],"about":[{"href":"https:\/\/www.clinicaintegradent.com\/index.php?rest_route=\/wp\/v2\/types\/page"}],"author":[{"embeddable":true,"href":"https:\/\/www.clinicaintegradent.com\/index.php?rest_route=\/wp\/v2\/users\/1"}],"replies":[{"embeddable":true,"href":"https:\/\/www.clinicaintegradent.com\/index.php?rest_route=%2Fwp%2Fv2%2Fcomments&post=147"}],"version-history":[{"count":21,"href":"https:\/\/www.clinicaintegradent.com\/index.php?rest_route=\/wp\/v2\/pages\/147\/revisions"}],"predecessor-version":[{"id":259,"href":"https:\/\/www.clinicaintegradent.com\/index.php?rest_route=\/wp\/v2\/pages\/147\/revisions\/259"}],"wp:attachment":[{"href":"https:\/\/www.clinicaintegradent.com\/index.php?rest_route=%2Fwp%2Fv2%2Fmedia&parent=147"}],"curies":[{"name":"wp","href":"https:\/\/api.w.org\/{rel}","templated":true}]}}