  {"id":133,"date":"2021-10-03T19:30:25","date_gmt":"2021-10-03T19:30:25","guid":{"rendered":"https:\/\/clinicaintegradent.com\/web\/?page_id=133"},"modified":"2021-10-29T07:25:55","modified_gmt":"2021-10-29T13:25:55","slug":"nosotros","status":"publish","type":"page","link":"https:\/\/www.clinicaintegradent.com\/?page_id=133","title":{"rendered":"Nosotros"},"content":{"rendered":"<div class=\"su-tabs su-tabs-style-default su-tabs-mobile-stack\" data-active=\"1\" data-scroll-offset=\"0\" data-anchor-in-url=\"no\"><div class=\"su-tabs-nav\"><span class=\"\" data-url=\"\" data-target=\"blank\" tabindex=\"0\" role=\"button\">\u00bfQuienes somos?<\/span><span class=\"\" data-url=\"\" data-target=\"blank\" tabindex=\"0\" role=\"button\">Historia<\/span><\/div><div class=\"su-tabs-panes\"><div class=\"su-tabs-pane su-u-clearfix su-u-trim\" data-title=\"\u00bfQuienes somos?\">\n<p style=\"text-align: justify;\">Somos una instituci\u00f3n 100% Mexicana dedicada a los cuidados de la salud bucal desde el a\u00f1o &#8212;-, responsable y con alto grado de compromiso social, nos encontramos en Uruapan Michoac\u00e1n, M\u00e9xico lideres en la atenci\u00f3n a ni\u00f1os en el cuidado de la salud bucal y la prevenci\u00f3n oral, contamos con personal altamente calificado en cada una de nuestras especialidades.<\/p>\n<p style=\"text-align: justify;\"><div class=\"su-service\"><div class=\"su-service-title\" style=\"padding-left:46px;min-height:32px;line-height:32px\"><i class=\"sui sui-rocket\" style=\"font-size:32px;color:#0B2A82\"><\/i> Misi\u00f3n\/ Prop\u00f3sito<\/div><div class=\"su-service-content su-u-clearfix su-u-trim\" style=\"padding-left:46px\">Ser una instituci\u00f3n que apoye en el cuidado de la salud oral, promoviendo la prevenci\u00f3n integral para.<br \/>\nSer la empresa que promueva la prevenci\u00f3n integral para el cuidado de la salud oral del cliente como prioridad.<\/div><\/div>\n<p style=\"text-align: justify;\"><div class=\"su-service\"><div class=\"su-service-title\" style=\"padding-left:46px;min-height:32px;line-height:32px\"><i class=\"sui sui-eye\" style=\"font-size:32px;color:#0B2A82\"><\/i> Visi\u00f3n\/ Impactos<\/div><div class=\"su-service-content su-u-clearfix su-u-trim\" style=\"padding-left:46px\">Convertirnos en una instituci\u00f3n de primera elecci\u00f3n para el cuidado de la salud oral, promoviendo la prevenci\u00f3n integral a los clientes.<br \/>\nConvertirnos en ser la empresa de primera elecci\u00f3n en el servicio de la prevenci\u00f3n dental integral para el cuidado de la salud de los clientes <\/div><\/div>\n<div class=\"su-service\"><div class=\"su-service-title\" style=\"padding-left:46px;min-height:32px;line-height:32px\"><i class=\"sui sui-group\" style=\"font-size:32px;color:#0B2A82\"><\/i> Valores<\/div><div class=\"su-service-content su-u-clearfix su-u-trim\" style=\"padding-left:46px\">\n<p style=\"text-align: justify;\"><strong>Honestidad<\/strong>: Constituye una cualidad humana que consiste en comportarse y expresarse con sinceridad y coherencia, respetando los valores de la justicia y verdad<\/p>\n<p style=\"text-align: justify;\"><strong>Responsabilidad<\/strong>: Es la cualidad que tiene aquel individuo que cumple sus obligaciones o promesas y asume las consecuencias de sus actos, cuando los realiza de manera consciente e intencionada. Es una virtud que suele ser considerada como uno de los principios humanos m\u00e1s significativos, que puede encontrarse pr\u00e1cticamente en cualquier \u00e1mbito, ya sea familiar, pol\u00edtico, jur\u00eddico, entre otros.<\/p>\n<p style=\"text-align: justify;\"><strong>Respeto<\/strong>: Se vincula con aspectos \u00e9ticos y morales, pero tambi\u00e9n sociales y legales, que determinan el modo de convivir que nos enfatizamos a nosotros mismos los seres humanos<br \/>\nLealtad: Una de las cualidades m\u00e1s respetables de un ser humano, en especial cuando se trata de una relaci\u00f3n de pareja o de una amistad ya que ayuda a mantener un lazo fuerte y generar confianza en el otro.<\/p>\n<p style=\"text-align: justify;\"><strong>Solidaridad<\/strong>: Emparentado con la compasi\u00f3n y con la generosidad, y que tiene que ver con los \u00e1nimos de cooperar y brindar apoyo a una persona necesitada en su mayor momento de vulnerabilidad, sobre todo si ello implica hacer a un lado las necesidades, opiniones o prejuicios personales.<\/p>\n<p style=\"text-align: justify;\"><strong>Puntualidad<\/strong>: Es una cualidad adquirida por los seres humanos, que es considerada como la virtud de cumplir con la entrega de una tarea o cumplir con una obligaci\u00f3n, denprtro del tiempo estipulado y totalmente comprometido a la realizaci\u00f3n de \u00e9sta.<\/p>\n<p style=\"text-align: justify;\"><\/div><\/div>\n<p style=\"text-align: justify;\"><div class=\"su-service\"><div class=\"su-service-title\" style=\"padding-left:46px;min-height:32px;line-height:32px\"><i class=\"sui sui-mortar-board\" style=\"font-size:32px;color:#0B2A82\"><\/i> Filosof\u00eda<\/div><div class=\"su-service-content su-u-clearfix su-u-trim\" style=\"padding-left:46px\">Brindar un acompa\u00f1amiento con respeto, honestidad, responsabilidad a nuestros clientes ante el cuidado de la salud oral de sus hijos e hijas, promoviendo la educaci\u00f3n como un medio de oportunidad para mejorar nuestros servicios.<\/div><\/div>\n<p style=\"text-align: justify;\">\n<\/div>\n<div class=\"su-tabs-pane su-u-clearfix su-u-trim\" data-title=\"Historia\">\n<p style=\"text-align: justify;\"><strong>INTEGRADENT<\/strong> nace en el 2009 como una propuesta de atenci\u00f3n interdisciplinaria, ofertando los servicios de Odontolog\u00eda del beb\u00e9, Odontopediatr\u00eda, Ortopedia, Ortodoncia y Odontolog\u00eda general con el objetivo de brindar un servicio que se enfocara a la educaci\u00f3n de las familias en la prevenci\u00f3n dental para disminuir el \u00edndice de caries, haciendo hincapi\u00e9 en el uso de fluoruros, t\u00e9cnica de cepillado, modificaci\u00f3n en la alimentaci\u00f3n de las ni\u00f1as y ni\u00f1os. Dando prioridad a ni\u00f1as y ni\u00f1os con dificultades en el lenguaje, aprendizaje y emocionales con un equipo de apoyo que cubriera las necesidades de acuerdo a su especialidad.<\/p>\n<p style=\"text-align: justify;\">Nuestros servicios est\u00e1n enfocados a todas aquellas familias que buscan una atenci\u00f3n desde la prevenci\u00f3n antes que la curaci\u00f3n, prevenir implica una organizaci\u00f3n familiar para asistir de manera regular a una limpieza dental para evitar gastos innecesarios en un futuro y de esa manera organizar no solo un cuidado dental sino tambi\u00e9n su salud integral. Por ello estamos convencidos que la prevenci\u00f3n es la base para tener una vida sana abordando de manera conservadora la caries desde la primera infancia hasta la edad adulta.<\/p>\n<p style=\"text-align: justify;\">Hemos generado en los padres una educaci\u00f3n de atender a sus hijas e hijos en la prevenci\u00f3n y de esa manera evitar gastos inesperados por alg\u00fan problema dental mayor. Los beb\u00e9s que atendimos en los primeros a\u00f1os ahora ya son adolescentes con control de caries, en tratamientos de ortodoncia y nos da gusto ser parte de su cotidianidad de consultas de revisi\u00f3n.<\/p>\n<p style=\"text-align: justify;\">Por ello creemos y confiamos plenamente que la mejor manera de evitar un problema dental mayor es educar a las familias desde el embarazo llevando un acompa\u00f1amiento y control a trav\u00e9s de visitas peri\u00f3dicas que generen en las y los hijos una rutina de atenci\u00f3n, prevenci\u00f3n y soluciones peque\u00f1as a problemas dentales peque\u00f1os.<\/p>\n<p style=\"text-align: justify;\">Seguimos llevando de la mano a aquellas ni\u00f1as y ni\u00f1os que presentan problemas de lenguaje con una atenci\u00f3n especializada con un seguimiento interdisciplinario.<\/p>\n<p style=\"text-align: justify;\">La ortodoncia y la ortopedia forman parte de esta atenci\u00f3n que se brinda desde los cero meses hasta despu\u00e9s de los 21 a\u00f1os as\u00ed han sido nuestros pacientes que una gran mayor\u00eda contin\u00faan siendo unos clientes de fidelizaci\u00f3n ante los 12 a\u00f1os de servicio que hemos ofrecido.<\/p>\n<p style=\"text-align: justify;\"><strong>INTEGRADENT<\/strong> tambi\u00e9n realiza campa\u00f1as de apoyo a las comunidades ind\u00edgenas que requieren de un apoyo dental desde programas de prevenci\u00f3n.<\/p>\n<\/div><\/div><\/div>\n<p>&nbsp;<\/p>\n","protected":false},"excerpt":{"rendered":"<p>&nbsp;<\/p>\n","protected":false},"author":1,"featured_media":0,"parent":0,"menu_order":0,"comment_status":"closed","ping_status":"closed","template":"","meta":{"footnotes":""},"class_list":["post-133","page","type-page","status-publish","hentry"],"_links":{"self":[{"href":"https:\/\/www.clinicaintegradent.com\/index.php?rest_route=\/wp\/v2\/pages\/133","targetHints":{"allow":["GET"]}}],"collection":[{"href":"https:\/\/www.clinicaintegradent.com\/index.php?rest_route=\/wp\/v2\/pages"}],"about":[{"href":"https:\/\/www.clinicaintegradent.com\/index.php?rest_route=\/wp\/v2\/types\/page"}],"author":[{"embeddable":true,"href":"https:\/\/www.clinicaintegradent.com\/index.php?rest_route=\/wp\/v2\/users\/1"}],"replies":[{"embeddable":true,"href":"https:\/\/www.clinicaintegradent.com\/index.php?rest_route=%2Fwp%2Fv2%2Fcomments&post=133"}],"version-history":[{"count":10,"href":"https:\/\/www.clinicaintegradent.com\/index.php?rest_route=\/wp\/v2\/pages\/133\/revisions"}],"predecessor-version":[{"id":138,"href":"https:\/\/www.clinicaintegradent.com\/index.php?rest_route=\/wp\/v2\/pages\/133\/revisions\/138"}],"wp:attachment":[{"href":"https:\/\/www.clinicaintegradent.com\/index.php?rest_route=%2Fwp%2Fv2%2Fmedia&parent=133"}],"curies":[{"name":"wp","href":"https:\/\/api.w.org\/{rel}","templated":true}]}}